{"id":4364,"date":"2022-12-02T09:36:05","date_gmt":"2022-12-02T08:36:05","guid":{"rendered":"https:\/\/phidata.be\/smart-edge\/"},"modified":"2023-09-21T11:24:52","modified_gmt":"2023-09-21T09:24:52","slug":"smart-edge","status":"publish","type":"page","link":"https:\/\/phidata.be\/fr\/smart-edge\/","title":{"rendered":"Smart Edge"},"content":{"rendered":"\t\t<div data-elementor-type=\"wp-page\" data-elementor-id=\"4364\" class=\"elementor elementor-4364 elementor-1516\" data-elementor-settings=\"{&quot;element_pack_global_tooltip_width&quot;:{&quot;unit&quot;:&quot;px&quot;,&quot;size&quot;:&quot;&quot;,&quot;sizes&quot;:[]},&quot;element_pack_global_tooltip_width_tablet&quot;:{&quot;unit&quot;:&quot;px&quot;,&quot;size&quot;:&quot;&quot;,&quot;sizes&quot;:[]},&quot;element_pack_global_tooltip_width_mobile&quot;:{&quot;unit&quot;:&quot;px&quot;,&quot;size&quot;:&quot;&quot;,&quot;sizes&quot;:[]},&quot;element_pack_global_tooltip_padding&quot;:{&quot;unit&quot;:&quot;px&quot;,&quot;top&quot;:&quot;&quot;,&quot;right&quot;:&quot;&quot;,&quot;bottom&quot;:&quot;&quot;,&quot;left&quot;:&quot;&quot;,&quot;isLinked&quot;:true},&quot;element_pack_global_tooltip_padding_tablet&quot;:{&quot;unit&quot;:&quot;px&quot;,&quot;top&quot;:&quot;&quot;,&quot;right&quot;:&quot;&quot;,&quot;bottom&quot;:&quot;&quot;,&quot;left&quot;:&quot;&quot;,&quot;isLinked&quot;:true},&quot;element_pack_global_tooltip_padding_mobile&quot;:{&quot;unit&quot;:&quot;px&quot;,&quot;top&quot;:&quot;&quot;,&quot;right&quot;:&quot;&quot;,&quot;bottom&quot;:&quot;&quot;,&quot;left&quot;:&quot;&quot;,&quot;isLinked&quot;:true},&quot;element_pack_global_tooltip_border_radius&quot;:{&quot;unit&quot;:&quot;px&quot;,&quot;top&quot;:&quot;&quot;,&quot;right&quot;:&quot;&quot;,&quot;bottom&quot;:&quot;&quot;,&quot;left&quot;:&quot;&quot;,&quot;isLinked&quot;:true},&quot;element_pack_global_tooltip_border_radius_tablet&quot;:{&quot;unit&quot;:&quot;px&quot;,&quot;top&quot;:&quot;&quot;,&quot;right&quot;:&quot;&quot;,&quot;bottom&quot;:&quot;&quot;,&quot;left&quot;:&quot;&quot;,&quot;isLinked&quot;:true},&quot;element_pack_global_tooltip_border_radius_mobile&quot;:{&quot;unit&quot;:&quot;px&quot;,&quot;top&quot;:&quot;&quot;,&quot;right&quot;:&quot;&quot;,&quot;bottom&quot;:&quot;&quot;,&quot;left&quot;:&quot;&quot;,&quot;isLinked&quot;:true}}\" data-elementor-post-type=\"page\">\n\t\t\t\t\t\t<div data-dce-background-overlay-color=\"#00000078\" data-dce-background-image-url=\"https:\/\/phidata.be\/wp-content\/uploads\/2022\/12\/software-development-concept-male-programmer-chec-2022-11-07-22-05-03-utc.jpg\" class=\"elementor-section elementor-top-section elementor-element elementor-element-07533bb elementor-section-boxed elementor-section-height-default elementor-section-height-default\" data-id=\"07533bb\" data-element_type=\"section\" data-e-type=\"section\" data-settings=\"{&quot;background_background&quot;:&quot;classic&quot;}\">\n\t\t\t\t\t\t\t<div class=\"elementor-background-overlay\"><\/div>\n\t\t\t\t\t\t\t<div class=\"elementor-container elementor-column-gap-default\">\n\t\t\t\t\t<div class=\"elementor-column elementor-col-100 elementor-top-column elementor-element elementor-element-a7f652a\" data-id=\"a7f652a\" data-element_type=\"column\" data-e-type=\"column\">\n\t\t\t<div class=\"elementor-widget-wrap elementor-element-populated\">\n\t\t\t\t\t\t<div data-dce-title-color=\"#FFFFFF\" class=\"elementor-element elementor-element-2735690 elementor-widget elementor-widget-heading\" data-id=\"2735690\" data-element_type=\"widget\" data-e-type=\"widget\" data-widget_type=\"heading.default\">\n\t\t\t\t<div class=\"elementor-widget-container\">\n\t\t\t\t\t<h1 class=\"elementor-heading-title elementor-size-default\">Smart Edge<\/h1>\t\t\t\t<\/div>\n\t\t\t\t<\/div>\n\t\t\t\t<div class=\"elementor-element elementor-element-54c475a elementor-widget elementor-widget-spacer\" data-id=\"54c475a\" data-element_type=\"widget\" data-e-type=\"widget\" data-widget_type=\"spacer.default\">\n\t\t\t\t<div class=\"elementor-widget-container\">\n\t\t\t\t\t\t\t<div class=\"elementor-spacer\">\n\t\t\t<div class=\"elementor-spacer-inner\"><\/div>\n\t\t<\/div>\n\t\t\t\t\t\t<\/div>\n\t\t\t\t<\/div>\n\t\t\t\t<div data-dce-text-color=\"#FFFFFFED\" class=\"elementor-element elementor-element-dca4675 elementor-widget__width-inherit elementor-widget-mobile__width-inherit elementor-widget elementor-widget-text-editor\" data-id=\"dca4675\" data-element_type=\"widget\" data-e-type=\"widget\" data-widget_type=\"text-editor.default\">\n\t\t\t\t<div class=\"elementor-widget-container\">\n\t\t\t\t\t\t\t\t\t<p>D\u00e9couvrez les solutions logicielles Smart Edge de PHI DATA.<\/p>\t\t\t\t\t\t\t\t<\/div>\n\t\t\t\t<\/div>\n\t\t\t\t\t<\/div>\n\t\t<\/div>\n\t\t\t\t\t<\/div>\n\t\t<\/div>\n\t\t\t\t<section class=\"elementor-section elementor-top-section elementor-element elementor-element-483f284 elementor-section-boxed elementor-section-height-default elementor-section-height-default\" data-id=\"483f284\" data-element_type=\"section\" data-e-type=\"section\">\n\t\t\t\t\t\t<div class=\"elementor-container elementor-column-gap-default\">\n\t\t\t\t\t<div class=\"elementor-column elementor-col-100 elementor-top-column elementor-element elementor-element-adccc8a\" data-id=\"adccc8a\" data-element_type=\"column\" data-e-type=\"column\">\n\t\t\t<div class=\"elementor-widget-wrap elementor-element-populated\">\n\t\t\t\t\t\t<div class=\"elementor-element elementor-element-d3a5250 elementor-widget elementor-widget-text-editor\" data-id=\"d3a5250\" data-element_type=\"widget\" data-e-type=\"widget\" data-widget_type=\"text-editor.default\">\n\t\t\t\t<div class=\"elementor-widget-container\">\n\t\t\t\t\t\t\t\t\t<p>L\u2019environnement de travail o\u00f9 se d\u00e9roulent votre production et votre logistique, par exemple, est le c\u0153ur battant de votre entreprise ou organisation. Il est situ\u00e9 \u00e0 l\u2019intersection de votre cha\u00eene physique et de votre informatique. Ici, nous cr\u00e9ons le Smart Edge, ou \u00ab p\u00e9riph\u00e9rie intelligente \u00bb. Pour rendre vos diff\u00e9rents processus d\u2019affaires rapides et intelligents, PHI DATA propose des solutions logicielles mobiles Smart Edge qui r\u00e9pondent aux besoins de nombreux secteurs. Notre suite de logiciels d\u2019identification fait largement appel \u00e0 des technologies auto-ID et de localisation innovantes. Ces solutions traitent en outre les donn\u00e9es imm\u00e9diatement sur le lieu de travail, assurent des transactions rapides et exactes, lancent instantan\u00e9ment des alarmes en cas d\u2019\u00e9cart et fournissent des donn\u00e9es pertinentes \u00e0 des fins de compte rendu ou de veille \u00e9conomique. Bien entendu, toutes ces solutions Smart Edge peuvent \u00eatre facilement int\u00e9gr\u00e9es \u00e0 vos syst\u00e8mes back-end. Voici les principales solutions de cette suite : IDasset\u00ae, IDstock\u00ae, IDdelivery\u00ae et IDwms\u00ae.<\/p>\t\t\t\t\t\t\t\t<\/div>\n\t\t\t\t<\/div>\n\t\t\t\t\t<\/div>\n\t\t<\/div>\n\t\t\t\t\t<\/div>\n\t\t<\/section>\n\t\t\t\t<section class=\"elementor-section elementor-top-section elementor-element elementor-element-585d374 elementor-section-boxed elementor-section-height-default elementor-section-height-default\" data-id=\"585d374\" data-element_type=\"section\" data-e-type=\"section\">\n\t\t\t\t\t\t<div class=\"elementor-container elementor-column-gap-default\">\n\t\t\t\t\t<div class=\"elementor-column elementor-col-100 elementor-top-column elementor-element elementor-element-754fa17\" data-id=\"754fa17\" data-element_type=\"column\" data-e-type=\"column\">\n\t\t\t<div class=\"elementor-widget-wrap elementor-element-populated\">\n\t\t\t\t\t\t<div class=\"elementor-element elementor-element-507604e dce-align-center dce-col-2 dce-col-tablet-2 dce-posts-layout-default dce-col-mobile-1 elementor-widget elementor-widget-dce-dynamicposts-v2\" data-id=\"507604e\" data-element_type=\"widget\" data-e-type=\"widget\" data-settings=\"{&quot;templatemode_linkable&quot;:&quot;yes&quot;,&quot;style_items&quot;:&quot;default&quot;,&quot;grid_grid_type&quot;:&quot;flex&quot;}\" data-widget_type=\"dce-dynamicposts-v2.grid\">\n\t\t\t\t<div class=\"elementor-widget-container\">\n\t\t\t\t\t\n\t\t<div class=\"dce-fix-background-loop dce-posts-container dce-posts dce-dynamic-posts-collection  dce-skin-grid dce-skin-grid-flex\">\n\t\t\t\t\t\t<div class=\"dce-posts-wrapper dce-wrapper-grid\">\n\t\t\t\n\t\t<article class=\"post-4369 page type-page status-publish has-post-thumbnail hentry dce-post dce-post-item dce-item-grid\" data-dce-post-id=\"4369\" data-dce-post-index=\"0\" data-post-link=\"https:\/\/phidata.be\/fr\/smart-edge\/idasset\/\">\n\t\t\t<div class=\"dce-post-block\">\n\t\t<div class=\"dce-item dce-item_image elementor-repeater-item-d54f990\"><a class=\"dce-post-image\" href=\"https:\/\/phidata.be\/fr\/smart-edge\/idasset\/\"><figure  class=\"dce-img\"><img decoding=\"async\" width=\"120\" height=\"120\" src=\"https:\/\/phidata.be\/wp-content\/uploads\/2022\/12\/idasset-icon.png\" class=\"\" alt=\"IDasset\u00ae\" \/><\/figure><\/a><\/div><div class=\"dce-item dce-item_title elementor-repeater-item-093008b\"><h4 class=\"dce-post-title\"><a href=\"https:\/\/phidata.be\/fr\/smart-edge\/idasset\/\">IDasset\u00ae<\/a><\/h4><\/div><div class=\"dce-item dce-item_custommeta elementor-repeater-item-8d7ae50\"><div class=\"dce-post-custommeta\"><div class=\"dce-meta-item dce-meta-8d7ae50 dce-meta-text elementor-repeater-item-8d7ae50\"><div>Inventaire intelligent de vos actifs<\/div><\/div><\/div><\/div><div class=\"dce-item dce-item_readmore elementor-repeater-item-4b9907f\">\t\t<div class=\"dce-post-button\">\n\t\t\t<a href=\"https:\/\/phidata.be\/fr\/smart-edge\/idasset\/\" class=\"elementor-button-link elementor-button dce-button elementor-size-sm\" role=\"button\" >\n\t\t\tLire plus\t\t\t<\/a>\n\t\t<\/div>\n\t\t<\/div>\t\t\t<\/div>\n\t\t<\/article>\n\t\t\n\t\t<article class=\"post-4382 page type-page status-publish has-post-thumbnail hentry dce-post dce-post-item dce-item-grid\" data-dce-post-id=\"4382\" data-dce-post-index=\"1\" data-post-link=\"https:\/\/phidata.be\/fr\/smart-edge\/idstock\/\">\n\t\t\t<div class=\"dce-post-block\">\n\t\t<div class=\"dce-item dce-item_image elementor-repeater-item-d54f990\"><a class=\"dce-post-image\" href=\"https:\/\/phidata.be\/fr\/smart-edge\/idstock\/\"><figure  class=\"dce-img\"><img decoding=\"async\" width=\"120\" height=\"120\" src=\"https:\/\/phidata.be\/wp-content\/uploads\/2022\/12\/idstock-icon.png\" class=\"\" alt=\"IDstock\u00ae\" \/><\/figure><\/a><\/div><div class=\"dce-item dce-item_title elementor-repeater-item-093008b\"><h4 class=\"dce-post-title\"><a href=\"https:\/\/phidata.be\/fr\/smart-edge\/idstock\/\">IDstock\u00ae<\/a><\/h4><\/div><div class=\"dce-item dce-item_custommeta elementor-repeater-item-8d7ae50\"><div class=\"dce-post-custommeta dce-post-custommeta\"><div class=\"dce-meta-item dce-meta-8d7ae50 dce-meta-text elementor-repeater-item-8d7ae50\"><div>Gestion rapide et efficace de vos stocks<\/div><\/div><\/div><\/div><div class=\"dce-item dce-item_readmore elementor-repeater-item-4b9907f\">\t\t<div class=\"dce-post-button\">\n\t\t\t<a href=\"https:\/\/phidata.be\/fr\/smart-edge\/idstock\/\" class=\"elementor-button-link elementor-button dce-button elementor-size-sm\" role=\"button\" >\n\t\t\tLire plus\t\t\t<\/a>\n\t\t<\/div>\n\t\t<\/div>\t\t\t<\/div>\n\t\t<\/article>\n\t\t\n\t\t<article class=\"post-4377 page type-page status-publish has-post-thumbnail hentry dce-post dce-post-item dce-item-grid\" data-dce-post-id=\"4377\" data-dce-post-index=\"2\" data-post-link=\"https:\/\/phidata.be\/fr\/smart-edge\/iddelivery\/\">\n\t\t\t<div class=\"dce-post-block\">\n\t\t<div class=\"dce-item dce-item_image elementor-repeater-item-d54f990\"><a class=\"dce-post-image\" href=\"https:\/\/phidata.be\/fr\/smart-edge\/iddelivery\/\"><figure  class=\"dce-img\"><img decoding=\"async\" width=\"120\" height=\"120\" src=\"https:\/\/phidata.be\/wp-content\/uploads\/2022\/12\/iddelivery-icon.png\" class=\"\" alt=\"IDdelivery\u00ae\" \/><\/figure><\/a><\/div><div class=\"dce-item dce-item_title elementor-repeater-item-093008b\"><h4 class=\"dce-post-title\"><a href=\"https:\/\/phidata.be\/fr\/smart-edge\/iddelivery\/\">IDdelivery\u00ae<\/a><\/h4><\/div><div class=\"dce-item dce-item_custommeta elementor-repeater-item-8d7ae50\"><div class=\"dce-post-custommeta dce-post-custommeta dce-post-custommeta\"><div class=\"dce-meta-item dce-meta-8d7ae50 dce-meta-text elementor-repeater-item-8d7ae50\"><div>Preuve de livraison &amp; Preuve de reprise : suivi optimal de vos livraisons sans papier, avec des informations de suivi en temps r\u00e9el<\/div><\/div><\/div><\/div><div class=\"dce-item dce-item_readmore elementor-repeater-item-4b9907f\">\t\t<div class=\"dce-post-button\">\n\t\t\t<a href=\"https:\/\/phidata.be\/fr\/smart-edge\/iddelivery\/\" class=\"elementor-button-link elementor-button dce-button elementor-size-sm\" role=\"button\" >\n\t\t\tLire plus\t\t\t<\/a>\n\t\t<\/div>\n\t\t<\/div>\t\t\t<\/div>\n\t\t<\/article>\n\t\t\n\t\t<article class=\"post-4387 page type-page status-publish has-post-thumbnail hentry dce-post dce-post-item dce-item-grid\" data-dce-post-id=\"4387\" data-dce-post-index=\"3\" data-post-link=\"https:\/\/phidata.be\/fr\/smart-edge\/idwms\/\">\n\t\t\t<div class=\"dce-post-block\">\n\t\t<div class=\"dce-item dce-item_image elementor-repeater-item-d54f990\"><a class=\"dce-post-image\" href=\"https:\/\/phidata.be\/fr\/smart-edge\/idwms\/\"><figure  class=\"dce-img\"><img loading=\"lazy\" decoding=\"async\" width=\"120\" height=\"120\" src=\"https:\/\/phidata.be\/wp-content\/uploads\/2022\/12\/idwms-icon.png\" class=\"\" alt=\"IDwms\u00ae\" \/><\/figure><\/a><\/div><div class=\"dce-item dce-item_title elementor-repeater-item-093008b\"><h4 class=\"dce-post-title\"><a href=\"https:\/\/phidata.be\/fr\/smart-edge\/idwms\/\">IDwms\u00ae<\/a><\/h4><\/div><div class=\"dce-item dce-item_custommeta elementor-repeater-item-8d7ae50\"><div class=\"dce-post-custommeta dce-post-custommeta dce-post-custommeta dce-post-custommeta\"><div class=\"dce-meta-item dce-meta-8d7ae50 dce-meta-text elementor-repeater-item-8d7ae50\"><div>Optimisez votre capacit\u00e9 de stockage disponible gr\u00e2ce \u00e0 notre solution de gestion d\u2019entrep\u00f4t<\/div><\/div><\/div><\/div><div class=\"dce-item dce-item_readmore elementor-repeater-item-4b9907f\">\t\t<div class=\"dce-post-button\">\n\t\t\t<a href=\"https:\/\/phidata.be\/fr\/smart-edge\/idwms\/\" class=\"elementor-button-link elementor-button dce-button elementor-size-sm\" role=\"button\" >\n\t\t\tLire plus\t\t\t<\/a>\n\t\t<\/div>\n\t\t<\/div>\t\t\t<\/div>\n\t\t<\/article>\n\t\t\t\t\t<\/div>\n\t\t\t\t\t<\/div>\n\t\t\t\t\t\t<\/div>\n\t\t\t\t<\/div>\n\t\t\t\t\t<\/div>\n\t\t<\/div>\n\t\t\t\t\t<\/div>\n\t\t<\/section>\n\t\t\t\t<section data-dce-background-color=\"#F4F7FB\" class=\"elementor-section elementor-top-section elementor-element elementor-element-e4faa79 elementor-section-boxed elementor-section-height-default elementor-section-height-default\" data-id=\"e4faa79\" data-element_type=\"section\" data-e-type=\"section\" data-settings=\"{&quot;background_background&quot;:&quot;classic&quot;}\">\n\t\t\t\t\t\t<div class=\"elementor-container elementor-column-gap-default\">\n\t\t\t\t\t<div class=\"elementor-column elementor-col-50 elementor-top-column elementor-element elementor-element-b88658a\" data-id=\"b88658a\" data-element_type=\"column\" data-e-type=\"column\">\n\t\t\t<div class=\"elementor-widget-wrap elementor-element-populated\">\n\t\t\t\t\t\t<div class=\"elementor-element elementor-element-33b078d elementor-widget elementor-widget-heading\" data-id=\"33b078d\" data-element_type=\"widget\" data-e-type=\"widget\" data-widget_type=\"heading.default\">\n\t\t\t\t<div class=\"elementor-widget-container\">\n\t\t\t\t\t<h2 class=\"elementor-heading-title elementor-size-default\">Plus d'informations sur nos solutions Smart Edge ?<\/h2>\t\t\t\t<\/div>\n\t\t\t\t<\/div>\n\t\t\t\t<section class=\"elementor-section elementor-inner-section elementor-element elementor-element-9b9b0f5 elementor-section-boxed elementor-section-height-default elementor-section-height-default\" data-id=\"9b9b0f5\" data-element_type=\"section\" data-e-type=\"section\">\n\t\t\t\t\t\t<div class=\"elementor-container elementor-column-gap-default\">\n\t\t\t\t\t<div class=\"elementor-column elementor-col-50 elementor-inner-column elementor-element elementor-element-4855164\" data-id=\"4855164\" data-element_type=\"column\" data-e-type=\"column\">\n\t\t\t<div class=\"elementor-widget-wrap elementor-element-populated\">\n\t\t\t\t\t\t<div class=\"elementor-element elementor-element-089360f elementor-widget elementor-widget-text-editor\" data-id=\"089360f\" data-element_type=\"widget\" data-e-type=\"widget\" data-widget_type=\"text-editor.default\">\n\t\t\t\t<div class=\"elementor-widget-container\">\n\t\t\t\t\t\t\t\t\t<p class=\"p1\"><strong>Si c&rsquo;est le cas, n&rsquo;h\u00e9sitez pas \u00e0 contacter l&rsquo;expert Kurt sans engagement.<\/strong><\/p><p class=\"p1\">Remplissez le formulaire de contact ou envoyez un e-mail \u00e0 <a href=\"mailto:info@phidata.be\">info@phidata.be<\/a>.<\/p>\t\t\t\t\t\t\t\t<\/div>\n\t\t\t\t<\/div>\n\t\t\t\t\t<\/div>\n\t\t<\/div>\n\t\t\t\t<div class=\"elementor-column elementor-col-50 elementor-inner-column elementor-element elementor-element-149271b\" data-id=\"149271b\" data-element_type=\"column\" data-e-type=\"column\">\n\t\t\t<div class=\"elementor-widget-wrap elementor-element-populated\">\n\t\t\t\t\t\t<div class=\"elementor-element elementor-element-74fd8e3 dce_masking-none elementor-widget elementor-widget-image\" data-id=\"74fd8e3\" data-element_type=\"widget\" data-e-type=\"widget\" data-widget_type=\"image.default\">\n\t\t\t\t<div class=\"elementor-widget-container\">\n\t\t\t\t\t\t\t\t\t\t\t\t\t\t\t<img loading=\"lazy\" decoding=\"async\" width=\"300\" height=\"300\" src=\"https:\/\/phidata.be\/wp-content\/uploads\/2022\/11\/Kurt-Nauwelaerts-300x300-2.jpeg\" class=\"attachment-full size-full wp-image-3264\" alt=\"\" srcset=\"https:\/\/phidata.be\/wp-content\/uploads\/2022\/11\/Kurt-Nauwelaerts-300x300-2.jpeg 300w, https:\/\/phidata.be\/wp-content\/uploads\/2022\/11\/Kurt-Nauwelaerts-300x300-2-150x150.jpeg 150w\" sizes=\"(max-width: 300px) 100vw, 300px\">\t\t\t\t\t\t\t\t\t\t\t\t\t\t\t<\/div>\n\t\t\t\t<\/div>\n\t\t\t\t\t<\/div>\n\t\t<\/div>\n\t\t\t\t\t<\/div>\n\t\t<\/section>\n\t\t\t\t\t<\/div>\n\t\t<\/div>\n\t\t\t\t<div class=\"elementor-column elementor-col-50 elementor-top-column elementor-element elementor-element-4a1f3e9\" data-id=\"4a1f3e9\" data-element_type=\"column\" data-e-type=\"column\">\n\t\t\t<div class=\"elementor-widget-wrap elementor-element-populated\">\n\t\t\t\t\t\t<div class=\"elementor-element elementor-element-3e06b48 elementor-button-align-stretch elementor-widget elementor-widget-form\" data-id=\"3e06b48\" data-element_type=\"widget\" data-e-type=\"widget\" data-settings=\"{&quot;step_next_label&quot;:&quot;Next&quot;,&quot;step_previous_label&quot;:&quot;Previous&quot;,&quot;button_width&quot;:&quot;100&quot;,&quot;dce_confirm_dialog_enabled&quot;:&quot;no&quot;,&quot;step_type&quot;:&quot;number_text&quot;,&quot;step_icon_shape&quot;:&quot;circle&quot;,&quot;label_icon_size&quot;:{&quot;unit&quot;:&quot;px&quot;,&quot;size&quot;:&quot;&quot;,&quot;sizes&quot;:[]},&quot;field_icon_size&quot;:{&quot;unit&quot;:&quot;px&quot;,&quot;size&quot;:&quot;&quot;,&quot;sizes&quot;:[]}}\" data-widget_type=\"form.default\">\n\t\t\t\t<div class=\"elementor-widget-container\">\n\t\t\t\t\t\t\t<form class=\"elementor-form\" method=\"post\" id=\"contact_fr_smartedge\" name=\"contact-smart-edge-fr\" aria-label=\"contact-smart-edge-fr\">\n\t\t\t<input type=\"hidden\" name=\"post_id\" value=\"4364\"\/>\n\t\t\t<input type=\"hidden\" name=\"form_id\" value=\"3e06b48\"\/>\n\t\t\t<input type=\"hidden\" name=\"referer_title\" value=\"\" \/>\n\n\t\t\t\n\t\t\t<div class=\"elementor-form-fields-wrapper elementor-labels-\">\n\t\t\t\t\t\t\t\t<div class=\"elementor-field-type-recaptcha_v3 elementor-field-group elementor-column elementor-field-group-field_1d583cc elementor-col-100 recaptcha_v3-bottomright\">\n\t\t\t\t\t<div class=\"elementor-field\" id=\"form-field-field_1d583cc\"><div class=\"elementor-g-recaptcha\" data-sitekey=\"6Lc6wf8jAAAAAGVQzw6Lv1v0nXCjTbDSRcTkwOeF\" data-type=\"v3\" data-action=\"Form\" data-badge=\"bottomright\" data-size=\"invisible\"><\/div><\/div>\t\t\t\t<\/div>\n\t\t\t\t\t\t\t\t<div class=\"elementor-field-type-text elementor-field-group elementor-column elementor-field-group-name elementor-col-100\">\n\t\t\t\t\t\t\t\t\t\t\t\t<label for=\"form-field-name\" class=\"elementor-field-label elementor-screen-only\">\n\t\t\t\t\t\t\t\tNaam\t\t\t\t\t\t\t<\/label>\n\t\t\t\t\t\t\t\t\t\t\t\t\t\t<input size=\"1\" type=\"text\" name=\"form_fields[name]\" id=\"form-field-name\" class=\"elementor-field elementor-size-sm  elementor-field-textual\" placeholder=\"Nom et pr\u00e9nom\">\n\t\t\t\t\t\t\t\t\t\t\t<\/div>\n\t\t\t\t\t\t\t\t<div class=\"elementor-field-type-email elementor-field-group elementor-column elementor-field-group-email elementor-col-100 elementor-field-required\">\n\t\t\t\t\t\t\t\t\t\t\t\t<label for=\"form-field-email\" class=\"elementor-field-label elementor-screen-only\">\n\t\t\t\t\t\t\t\tE-mail\t\t\t\t\t\t\t<\/label>\n\t\t\t\t\t\t\t\t\t\t\t\t\t\t<input size=\"1\" type=\"email\" name=\"form_fields[email]\" id=\"form-field-email\" class=\"elementor-field elementor-size-sm  elementor-field-textual\" placeholder=\"Adresse e-mail\" required=\"required\">\n\t\t\t\t\t\t\t\t\t\t\t<\/div>\n\t\t\t\t\t\t\t\t<div class=\"elementor-field-type-tel elementor-field-group elementor-column elementor-field-group-field_e51978d elementor-col-100\">\n\t\t\t\t\t\t\t\t\t\t\t\t<label for=\"form-field-field_e51978d\" class=\"elementor-field-label elementor-screen-only\">\n\t\t\t\t\t\t\t\tTelefoon\t\t\t\t\t\t\t<\/label>\n\t\t\t\t\t\t\t\t<input size=\"1\" type=\"tel\" name=\"form_fields[field_e51978d]\" id=\"form-field-field_e51978d\" class=\"elementor-field elementor-size-sm  elementor-field-textual\" placeholder=\"Num\u00e9ro de t\u00e9l\u00e9phone\" pattern=\"[0-9()#&amp;+*-=.]+\" title=\"Seuls les caract\u00e8res de num\u00e9ros de t\u00e9l\u00e9phone (#, -, *, etc.) sont accept\u00e9s.\">\n\n\t\t\t\t\t\t<\/div>\n\t\t\t\t\t\t\t\t<div class=\"elementor-field-type-textarea elementor-field-group elementor-column elementor-field-group-message elementor-col-100\">\n\t\t\t\t\t\t\t\t\t\t\t\t<label for=\"form-field-message\" class=\"elementor-field-label elementor-screen-only\">\n\t\t\t\t\t\t\t\tBericht\t\t\t\t\t\t\t<\/label>\n\t\t\t\t\t\t<textarea class=\"elementor-field-textual elementor-field  elementor-size-sm\" name=\"form_fields[message]\" id=\"form-field-message\" rows=\"4\" placeholder=\"En quoi pouvons-nous vous aider ?\"><\/textarea>\t\t\t\t<\/div>\n\t\t\t\t\t\t\t\t<div class=\"elementor-field-group elementor-column elementor-field-type-submit elementor-col-100 e-form__buttons\">\n\t\t\t\t\t<button class=\"elementor-button elementor-size-sm\" type=\"submit\">\n\t\t\t\t\t\t<span class=\"elementor-button-content-wrapper\">\n\t\t\t\t\t\t\t\t\t\t\t\t\t\t\t\t\t\t\t\t\t\t<span class=\"elementor-button-text\">Envoyer<\/span>\n\t\t\t\t\t\t\t\t\t\t\t\t\t<\/span>\n\t\t\t\t\t<\/button>\n\t\t\t\t<\/div>\n\t\t\t<\/div>\n\t\t<\/form>\n\t\t\t\t\t\t<\/div>\n\t\t\t\t<\/div>\n\t\t\t\t\t<\/div>\n\t\t<\/div>\n\t\t\t\t\t<\/div>\n\t\t<\/section>\n\t\t\t\t<\/div>\n\t\t","protected":false},"excerpt":{"rendered":"<p>Smart Edge D\u00e9couvrez les solutions logicielles Smart Edge de PHI DATA. L\u2019environnement de travail o\u00f9 se d\u00e9roulent votre production et votre logistique, par exemple, est le c\u0153ur battant de votre entreprise ou organisation. Il est situ\u00e9 \u00e0 l\u2019intersection de votre cha\u00eene physique et de votre informatique. Ici, nous cr\u00e9ons le Smart Edge, ou \u00ab p\u00e9riph\u00e9rie [&hellip;]<\/p>\n","protected":false},"author":1,"featured_media":0,"parent":0,"menu_order":0,"comment_status":"closed","ping_status":"closed","template":"","meta":{"_acf_changed":false,"footnotes":""},"class_list":["post-4364","page","type-page","status-publish","hentry"],"acf":[],"_links":{"self":[{"href":"https:\/\/phidata.be\/fr\/wp-json\/wp\/v2\/pages\/4364","targetHints":{"allow":["GET"]}}],"collection":[{"href":"https:\/\/phidata.be\/fr\/wp-json\/wp\/v2\/pages"}],"about":[{"href":"https:\/\/phidata.be\/fr\/wp-json\/wp\/v2\/types\/page"}],"author":[{"embeddable":true,"href":"https:\/\/phidata.be\/fr\/wp-json\/wp\/v2\/users\/1"}],"replies":[{"embeddable":true,"href":"https:\/\/phidata.be\/fr\/wp-json\/wp\/v2\/comments?post=4364"}],"version-history":[{"count":20,"href":"https:\/\/phidata.be\/fr\/wp-json\/wp\/v2\/pages\/4364\/revisions"}],"predecessor-version":[{"id":6876,"href":"https:\/\/phidata.be\/fr\/wp-json\/wp\/v2\/pages\/4364\/revisions\/6876"}],"wp:attachment":[{"href":"https:\/\/phidata.be\/fr\/wp-json\/wp\/v2\/media?parent=4364"}],"curies":[{"name":"wp","href":"https:\/\/api.w.org\/{rel}","templated":true}]}}